{"id":3211,"date":"2017-08-30T21:51:20","date_gmt":"2017-08-30T18:51:20","guid":{"rendered":"https:\/\/www.erpco.org.ua\/?page_id=3211"},"modified":"2022-11-04T14:21:23","modified_gmt":"2022-11-04T11:21:23","slug":"geschichte-der-kirche","status":"publish","type":"page","link":"https:\/\/www.erpco.org.ua\/?page_id=3211","title":{"rendered":"GESCHICHTE DER KIRCHE"},"content":{"rendered":"<p><strong>GESCHICHTE DER KIRCHE<\/strong><br \/>\nNach dem Sieg im T\u00fcrkischen Krieg 1787 &#8211; 1791 gewann Russland seine Gebiete entlang des Schwarzen Meeres zur\u00fcck, die urspr\u00fcnglich slawisch waren, einschlie\u00dflich t\u00fcrkischer Burg und der Siedlung namens Hadzibey.<br \/>\nAn dieser Stelle  lie\u00df die russische Zarin Katharina II. 1794 die Stadt Odessa gr\u00fcnden.  1804 unterst\u00fctzt von der Regierung des Russischen Reiches kamen die Christen  &#8211;  Anh\u00e4nger der Lehre Luthers und Calvins, F\u00fchrer der gro\u00dfen religiosen Reformation im XVI. Jahrhundert in Europa,  aus Deutschland, \u00d6sterreich, Schweiz und Frankreich.  Zun\u00e4chst bildeten die Christen &#8211; Protestanten eine Gemeinde, aber 1843 teilten sie sich in lutherische und calvinistische ein. Calvinisten wurden in England Presbyterianer genannt, in der Schweiz und Holland Reformierten, in Frankreich die Hugenotten.<br \/>\nIn den Vereinigten Staaten bekam die Confession die Bezeichnung &#8220;Evangelisch &#8211; Presbyterianisch Kirche&#8221;. Die Gemeinde in Odessa hie\u00df vor der Revolution Reformierte. 1925 wurde sie von der Sowjetmacht vernichtet und 1996 wurde sie wiederhergestellt.<br \/>\nJetzt tr\u00e4gt sie den vollen Namen &#8221; Evangelische Reformierte Presbyterianische Kirche in Odessa&#8221;.<\/p>\n<p><strong>\u00dcBER DAS BEB\u00c4UDE<\/strong><br \/>\n1849 erlaubte der Gouverneur von Odessa Michael Voronzov der Gemeinde der Reformierten bauf\u00e4llige H\u00e4user an der Ecke der Preobrazhenskaja &#8211; und Chersonskajastra\u00dfe bei der Auktion zu kaufen. Kaiser Nikolaj II. schenkte der Gemeinde ein Grundst\u00fcck f\u00fcr den Bau des Anbetungshauses.<br \/>\nAlso 1851 wurde an dieser Stelle das Geb\u00e4ude der Reformierten KIrche gebaut, das  bis zum heutigen Tag \u00fcberlebt hat.<br \/>\nDer Bau des Geb\u00e4udes wurde vom Ingenieur Skweder nach dem Entwurf vom bekannten Architekten aus St. Petersburg Akademiker V.Schroeter unter der Aufsicht des Architekten A. Bernardazzi durchgef\u00fchrt. Im dreist\u00f6ckigen Geb\u00e4ude des Gotteshauses befanden sich Schule, Bibliothek, ger\u00e4umige Halle f\u00fcr Gottesdienste, wo an den gro\u00dfen Fenstern die pr\u00e4chtige Glasmalerei erf\u00fcllt und die Orgel montiert wurde.<br \/>\nDas Innere der Kirche unterschied sich durch streng standhaltende Einfachheit.<br \/>\n2001 restaurierte die wiederbelebte Gemeinde im Allgemeinen das Geb\u00e4ude der Kirche. Gro\u00dfe Hilfe bei der Finanzierung der Restaurationsarbeiten leisteten  Presbyterianische Kirchen der USA. Restaurationsarbeiten wurden nach den Archivzeichnungen durchgef\u00fchrt.<br \/>\nDer Stil, die Planung und die Glasmalerei an Fenstern wurden behalten<\/p>\n","protected":false},"excerpt":{"rendered":"<p>GESCHICHTE DER KIRCHE Nach dem Sieg im T\u00fcrkischen Krieg 1787 &#8211; 1791 gewann Russland seine Gebiete entlang des Schwarzen Meeres zur\u00fcck, die urspr\u00fcnglich slawisch waren, einschlie\u00dflich t\u00fcrkischer Burg und der Siedlung namens Hadzibey. An dieser Stelle lie\u00df die russische Zarin Katharina II. 1794 die Stadt Odessa gr\u00fcnden. 1804 unterst\u00fctzt von der Regierung des Russischen Reiches [&hellip;]<\/p>\n","protected":false},"author":4,"featured_media":0,"parent":65,"menu_order":0,"comment_status":"closed","ping_status":"closed","template":"","meta":{"footnotes":""},"class_list":["post-3211","page","type-page","status-publish","hentry","entry"],"_links":{"self":[{"href":"https:\/\/www.erpco.org.ua\/index.php?rest_route=\/wp\/v2\/pages\/3211","targetHints":{"allow":["GET"]}}],"collection":[{"href":"https:\/\/www.erpco.org.ua\/index.php?rest_route=\/wp\/v2\/pages"}],"about":[{"href":"https:\/\/www.erpco.org.ua\/index.php?rest_route=\/wp\/v2\/types\/page"}],"author":[{"embeddable":true,"href":"https:\/\/www.erpco.org.ua\/index.php?rest_route=\/wp\/v2\/users\/4"}],"replies":[{"embeddable":true,"href":"https:\/\/www.erpco.org.ua\/index.php?rest_route=%2Fwp%2Fv2%2Fcomments&post=3211"}],"version-history":[{"count":1,"href":"https:\/\/www.erpco.org.ua\/index.php?rest_route=\/wp\/v2\/pages\/3211\/revisions"}],"predecessor-version":[{"id":3213,"href":"https:\/\/www.erpco.org.ua\/index.php?rest_route=\/wp\/v2\/pages\/3211\/revisions\/3213"}],"up":[{"embeddable":true,"href":"https:\/\/www.erpco.org.ua\/index.php?rest_route=\/wp\/v2\/pages\/65"}],"wp:attachment":[{"href":"https:\/\/www.erpco.org.ua\/index.php?rest_route=%2Fwp%2Fv2%2Fmedia&parent=3211"}],"curies":[{"name":"wp","href":"https:\/\/api.w.org\/{rel}","templated":true}]}}